{"id":17721,"date":"2024-12-06T10:32:45","date_gmt":"2024-12-06T09:32:45","guid":{"rendered":"https:\/\/luxedesign.debouana.lu\/?page_id=17721"},"modified":"2025-07-29T10:36:36","modified_gmt":"2025-07-29T08:36:36","slug":"demande-devis","status":"publish","type":"page","link":"https:\/\/peinturegaspar.lu\/fr\/demande-devis\/","title":{"rendered":"Demande de Devis"},"content":{"rendered":"\t\t<div data-elementor-type=\"wp-page\" data-elementor-id=\"17721\" class=\"elementor elementor-17721\" data-elementor-post-type=\"page\">\n\t\t\t\t<div class=\"elementor-element elementor-element-3fe44112 e-flex e-con-boxed elementor-invisible e-con e-parent\" data-id=\"3fe44112\" data-element_type=\"container\" data-settings=\"{&quot;background_background&quot;:&quot;classic&quot;,&quot;animation&quot;:&quot;fadeIn&quot;}\">\n\t\t\t\t\t<div class=\"e-con-inner\">\n\t\t<div class=\"elementor-element elementor-element-3da43e16 e-flex e-con-boxed e-con e-child\" data-id=\"3da43e16\" data-element_type=\"container\">\n\t\t\t\t\t<div class=\"e-con-inner\">\n\t\t\t\t<div class=\"elementor-element elementor-element-5984a6af elementor-widget elementor-widget-heading\" data-id=\"5984a6af\" data-element_type=\"widget\" data-widget_type=\"heading.default\">\n\t\t\t\t<div class=\"elementor-widget-container\">\n\t\t\t\t\t<h4 class=\"elementor-heading-title elementor-size-default\">Peinture D\u00e9cors Gaspar S.A.R.L<\/h4>\t\t\t\t<\/div>\n\t\t\t\t<\/div>\n\t\t\t\t<div class=\"elementor-element elementor-element-1dee48f3 elementor-widget elementor-widget-qi_addons_for_elementor_animated_text\" data-id=\"1dee48f3\" data-element_type=\"widget\" data-widget_type=\"qi_addons_for_elementor_animated_text.default\">\n\t\t\t\t<div class=\"elementor-widget-container\">\n\t\t\t\t\t<div class=\"qodef-shortcode qodef-m  qodef-qi-animated-text qodef--animated-by-word  qodef-qi--has-appear qodef--appear-from-right\" >\n\t\t<h1 class=\"qodef-m-title\">\n\t\t<span class=\"qodef-e-word\">Demande<\/span> <span class=\"qodef-e-word\">Devis<\/span>\t<\/h1>\n<\/div>\n\t\t\t\t<\/div>\n\t\t\t\t<\/div>\n\t\t\t\t<div class=\"elementor-element elementor-element-3c1bb1eb elementor-hidden-desktop elementor-hidden-tablet elementor-hidden-mobile elementor-widget elementor-widget-qi_addons_for_elementor_button\" data-id=\"3c1bb1eb\" data-element_type=\"widget\" data-widget_type=\"qi_addons_for_elementor_button.default\">\n\t\t\t\t<div class=\"elementor-widget-container\">\n\t\t\t\t\t<a class=\"qodef-shortcode qodef-m  qodef-qi-button qodef-html--link qodef-layout--outlined qodef-type--standard  qodef-hover--reveal qodef--reveal-vertical qodef-icon--right qodef-hover--icon-move-horizontal-short     \" href=\"#\" target=\"_self\">\n\t<span class=\"qodef-m-text\">Explore Services<\/span>\n\t<\/a>\n\t\t\t\t<\/div>\n\t\t\t\t<\/div>\n\t\t\t\t\t<\/div>\n\t\t\t\t<\/div>\n\t\t<div class=\"elementor-element elementor-element-296945b9 e-flex e-con-boxed e-con e-child\" data-id=\"296945b9\" data-element_type=\"container\">\n\t\t\t\t\t<div class=\"e-con-inner\">\n\t\t\t\t\t<\/div>\n\t\t\t\t<\/div>\n\t\t\t\t\t<\/div>\n\t\t\t\t<\/div>\n\t\t\t\t<section class=\"elementor-section elementor-top-section elementor-element elementor-element-3a6f882a elementor-section-boxed elementor-section-height-default elementor-section-height-default\" data-id=\"3a6f882a\" data-element_type=\"section\">\n\t\t\t\t\t\t<div class=\"elementor-container elementor-column-gap-default\">\n\t\t\t\t\t<div class=\"elementor-column elementor-col-100 elementor-top-column elementor-element elementor-element-76bd62e6\" data-id=\"76bd62e6\" data-element_type=\"column\" id=\"quote-form\">\n\t\t\t<div class=\"elementor-widget-wrap elementor-element-populated\">\n\t\t\t\t\t\t<section class=\"elementor-section elementor-inner-section elementor-element elementor-element-2551bd6 elementor-section-boxed elementor-section-height-default elementor-section-height-default\" data-id=\"2551bd6\" data-element_type=\"section\">\n\t\t\t\t\t\t<div class=\"elementor-container elementor-column-gap-no\">\n\t\t\t\t\t<div class=\"elementor-column elementor-col-100 elementor-inner-column elementor-element elementor-element-3a956406\" data-id=\"3a956406\" data-element_type=\"column\">\n\t\t\t<div class=\"elementor-widget-wrap elementor-element-populated\">\n\t\t\t\t\t\t<div class=\"elementor-element elementor-element-6ed17ac5 elementor-widget elementor-widget-spacer\" data-id=\"6ed17ac5\" data-element_type=\"widget\" data-widget_type=\"spacer.default\">\n\t\t\t\t<div class=\"elementor-widget-container\">\n\t\t\t\t\t\t\t<div class=\"elementor-spacer\">\n\t\t\t<div class=\"elementor-spacer-inner\"><\/div>\n\t\t<\/div>\n\t\t\t\t\t\t<\/div>\n\t\t\t\t<\/div>\n\t\t\t\t<div class=\"elementor-element elementor-element-cf45dc8 -text-faded elementor-invisible elementor-widget elementor-widget-heading\" data-id=\"cf45dc8\" data-element_type=\"widget\" data-settings=\"{&quot;_animation&quot;:&quot;fadeIn&quot;}\" data-widget_type=\"heading.default\">\n\t\t\t\t<div class=\"elementor-widget-container\">\n\t\t\t\t\t<h3 class=\"elementor-heading-title elementor-size-default\">Nous nous r\u00e9jouissons de travailler avec vous ! Pour vous servir au-del\u00e0 de vos attentes.<\/h3>\t\t\t\t<\/div>\n\t\t\t\t<\/div>\n\t\t\t\t<div class=\"elementor-element elementor-element-6349dc4d elementor-widget elementor-widget-spacer\" data-id=\"6349dc4d\" data-element_type=\"widget\" data-widget_type=\"spacer.default\">\n\t\t\t\t<div class=\"elementor-widget-container\">\n\t\t\t\t\t\t\t<div class=\"elementor-spacer\">\n\t\t\t<div class=\"elementor-spacer-inner\"><\/div>\n\t\t<\/div>\n\t\t\t\t\t\t<\/div>\n\t\t\t\t<\/div>\n\t\t\t\t<div class=\"elementor-element elementor-element-2b6bea90 elementor-button-align-center elementor-widget__width-auto elementor-widget-tablet__width-inherit elementor-widget elementor-widget-form\" data-id=\"2b6bea90\" data-element_type=\"widget\" data-settings=\"{&quot;step_next_label&quot;:&quot;Next&quot;,&quot;step_previous_label&quot;:&quot;Previous&quot;,&quot;button_width&quot;:&quot;100&quot;,&quot;step_type&quot;:&quot;number_text&quot;,&quot;step_icon_shape&quot;:&quot;circle&quot;}\" data-widget_type=\"form.default\">\n\t\t\t\t<div class=\"elementor-widget-container\">\n\t\t\t\t\t\t\t<form class=\"elementor-form\" method=\"post\" name=\"Request Form\">\n\t\t\t<input type=\"hidden\" name=\"post_id\" value=\"17721\"\/>\n\t\t\t<input type=\"hidden\" name=\"form_id\" value=\"2b6bea90\"\/>\n\t\t\t<input type=\"hidden\" name=\"referer_title\" value=\"Demande de Devis - Peinture D\u00e9cors Gaspar\" \/>\n\n\t\t\t\t\t\t\t<input type=\"hidden\" name=\"queried_id\" value=\"17721\"\/>\n\t\t\t\n\t\t\t<div class=\"elementor-form-fields-wrapper elementor-labels-\">\n\t\t\t\t\t\t\t\t<div class=\"elementor-field-type-text elementor-field-group elementor-column elementor-field-group-name elementor-col-50 elementor-field-required\">\n\t\t\t\t\t\t\t\t\t\t\t\t<label for=\"form-field-name\" class=\"elementor-field-label elementor-screen-only\">\n\t\t\t\t\t\t\t\tPr\u00e9nom\t\t\t\t\t\t\t<\/label>\n\t\t\t\t\t\t\t\t\t\t\t\t\t\t<input size=\"1\" type=\"text\" name=\"form_fields[name]\" id=\"form-field-name\" class=\"elementor-field elementor-size-sm  elementor-field-textual\" placeholder=\"Entre Pr\u00e9nom\" required=\"required\" aria-required=\"true\">\n\t\t\t\t\t\t\t\t\t\t\t<\/div>\n\t\t\t\t\t\t\t\t<div class=\"elementor-field-type-text elementor-field-group elementor-column elementor-field-group-field_0a2f754 elementor-col-50 elementor-field-required\">\n\t\t\t\t\t\t\t\t\t\t\t\t<label for=\"form-field-field_0a2f754\" class=\"elementor-field-label elementor-screen-only\">\n\t\t\t\t\t\t\t\tNom\t\t\t\t\t\t\t<\/label>\n\t\t\t\t\t\t\t\t\t\t\t\t\t\t<input size=\"1\" type=\"text\" name=\"form_fields[field_0a2f754]\" id=\"form-field-field_0a2f754\" class=\"elementor-field elementor-size-sm  elementor-field-textual\" placeholder=\"Entre Nom\" required=\"required\" aria-required=\"true\">\n\t\t\t\t\t\t\t\t\t\t\t<\/div>\n\t\t\t\t\t\t\t\t<div class=\"elementor-field-type-email elementor-field-group elementor-column elementor-field-group-email elementor-col-50\">\n\t\t\t\t\t\t\t\t\t\t\t\t<label for=\"form-field-email\" class=\"elementor-field-label elementor-screen-only\">\n\t\t\t\t\t\t\t\tAdresse Mail\t\t\t\t\t\t\t<\/label>\n\t\t\t\t\t\t\t\t\t\t\t\t\t\t<input size=\"1\" type=\"email\" name=\"form_fields[email]\" id=\"form-field-email\" class=\"elementor-field elementor-size-sm  elementor-field-textual\" placeholder=\"Email\">\n\t\t\t\t\t\t\t\t\t\t\t<\/div>\n\t\t\t\t\t\t\t\t<div class=\"elementor-field-type-tel elementor-field-group elementor-column elementor-field-group-field_31b8783 elementor-col-50 elementor-field-required\">\n\t\t\t\t\t\t\t\t\t\t\t\t<label for=\"form-field-field_31b8783\" class=\"elementor-field-label elementor-screen-only\">\n\t\t\t\t\t\t\t\tNum\u00e9ro de T\u00e9l\u00e9phone\t\t\t\t\t\t\t<\/label>\n\t\t\t\t\t\t\t\t<input size=\"1\" type=\"tel\" name=\"form_fields[field_31b8783]\" id=\"form-field-field_31b8783\" class=\"elementor-field elementor-size-sm  elementor-field-textual\" placeholder=\"Num\u00e9ro de T\u00e9l\u00e9phone\" required=\"required\" aria-required=\"true\" pattern=\"[0-9()#&amp;+*-=.]+\" title=\"Seuls les chiffres et les caract\u00e8res t\u00e9l\u00e9phoniques (#, -, *, etc.) sont accept\u00e9s.\">\n\n\t\t\t\t\t\t<\/div>\n\t\t\t\t\t\t\t\t<div class=\"elementor-field-type-select elementor-field-group elementor-column elementor-field-group-field_02adca7 elementor-col-50 elementor-field-required\">\n\t\t\t\t\t\t\t\t\t\t\t\t<label for=\"form-field-field_02adca7\" class=\"elementor-field-label elementor-screen-only\">\n\t\t\t\t\t\t\t\tPrestation souhait\u00e9\t\t\t\t\t\t\t<\/label>\n\t\t\t\t\t\t\t\t<div class=\"elementor-field elementor-select-wrapper remove-before \">\n\t\t\t<div class=\"select-caret-down-wrapper\">\n\t\t\t\t<svg aria-hidden=\"true\" class=\"e-font-icon-svg e-eicon-caret-down\" viewBox=\"0 0 571.4 571.4\" xmlns=\"http:\/\/www.w3.org\/2000\/svg\"><path d=\"M571 393Q571 407 561 418L311 668Q300 679 286 679T261 668L11 418Q0 407 0 393T11 368 36 357H536Q550 357 561 368T571 393Z\"><\/path><\/svg>\t\t\t<\/div>\n\t\t\t<select name=\"form_fields[field_02adca7]\" id=\"form-field-field_02adca7\" class=\"elementor-field-textual elementor-size-sm\" required=\"required\" aria-required=\"true\">\n\t\t\t\t\t\t\t\t\t<option value=\"\">S\u00e9lectionnez une prestation<\/option>\n\t\t\t\t\t\t\t\t\t<option value=\"Travaux de Peinture Int\u00e9rieur\">Travaux de Peinture Int\u00e9rieur<\/option>\n\t\t\t\t\t\t\t\t\t<option value=\"Travaux de Peinture Int\u00e9rieur\">Travaux de Peinture Ext\u00e9rieur<\/option>\n\t\t\t\t\t\t\t\t\t<option value=\"R\u00e9novation\">R\u00e9novation<\/option>\n\t\t\t\t\t\t\t\t\t<option value=\"Isolation\">Isolation<\/option>\n\t\t\t\t\t\t\t\t\t<option value=\"Ravalement de Facade\">Ravalement de Facade<\/option>\n\t\t\t\t\t\t\t\t\t<option value=\"Rev\u00eatement Sol\">Rev\u00eatement Sol<\/option>\n\t\t\t\t\t\t\t\t\t<option value=\"Rev\u00eatement Mur\">Rev\u00eatement Mur<\/option>\n\t\t\t\t\t\t\t\t\t<option value=\"D\u00e9coration Int\u00e9rieure\">D\u00e9coration Int\u00e9rieure<\/option>\n\t\t\t\t\t\t\t<\/select>\n\t\t<\/div>\n\t\t\t\t\t\t<\/div>\n\t\t\t\t\t\t\t\t<div class=\"elementor-field-type-upload elementor-field-group elementor-column elementor-field-group-field_30cad7e elementor-col-50\">\n\t\t\t\t\t\t\t\t\t\t\t\t<label for=\"form-field-field_30cad7e\" class=\"elementor-field-label elementor-screen-only\">\n\t\t\t\t\t\t\t\tT\u00e9l\u00e9charger des Images\/Vid\u00e9os (facultatif)\t\t\t\t\t\t\t<\/label>\n\t\t\t\t\t\t\t\t<input type=\"file\" name=\"form_fields[field_30cad7e][]\" id=\"form-field-field_30cad7e\" class=\"elementor-field elementor-size-sm  elementor-upload-field\" multiple=\"multiple\" data-maxsize=\"15\" data-maxsize-message=\"Ce fichier d\u00e9passe la taille maximale autoris\u00e9e.\">\n\n\t\t\t\t\t\t<\/div>\n\t\t\t\t\t\t\t\t<div class=\"elementor-field-type-textarea elementor-field-group elementor-column elementor-field-group-message elementor-col-100 elementor-field-required\">\n\t\t\t\t\t\t\t\t\t\t\t\t<label for=\"form-field-message\" class=\"elementor-field-label elementor-screen-only\">\n\t\t\t\t\t\t\t\tDescription\t\t\t\t\t\t\t<\/label>\n\t\t\t\t\t\t<textarea class=\"elementor-field-textual elementor-field  elementor-size-sm\" name=\"form_fields[message]\" id=\"form-field-message\" rows=\"4\" placeholder=\"Entrez de brefs d\u00e9tails concernant le service de demande\" required=\"required\" aria-required=\"true\"><\/textarea>\t\t\t\t<\/div>\n\t\t\t\t\t\t\t\t<div class=\"elementor-field-group elementor-column elementor-field-type-submit elementor-col-100 e-form__buttons\">\n\t\t\t\t\t<button class=\"elementor-button elementor-size-sm elementor-animation-grow\" type=\"submit\">\n\t\t\t\t\t\t<span class=\"elementor-button-content-wrapper\">\n\t\t\t\t\t\t\t\t\t\t\t\t\t\t\t\t\t\t\t\t\t\t<span class=\"elementor-button-text\">Envoyer la demande<\/span>\n\t\t\t\t\t\t\t\t\t\t\t\t\t<\/span>\n\t\t\t\t\t<\/button>\n\t\t\t\t<\/div>\n\t\t\t<\/div>\n\t\t<\/form>\n\t\t\t\t\t\t<\/div>\n\t\t\t\t<\/div>\n\t\t\t\t\t<\/div>\n\t\t<\/div>\n\t\t\t\t\t<\/div>\n\t\t<\/section>\n\t\t\t\t\t<\/div>\n\t\t<\/div>\n\t\t\t\t\t<\/div>\n\t\t<\/section>\n\t\t\t\t<\/div>\n\t\t","protected":false},"excerpt":{"rendered":"<p>Peinture D\u00e9cors Gaspar S.A.R.L Demande Devis Explore Services Nous nous r\u00e9jouissons de travailler avec vous ! Pour vous servir au-del\u00e0 de vos attentes.<\/p>\n","protected":false},"author":7,"featured_media":0,"parent":0,"menu_order":0,"comment_status":"closed","ping_status":"closed","template":"elementor_header_footer","meta":{"inline_featured_image":false,"footnotes":""},"class_list":["post-17721","page","type-page","status-publish","hentry","is-cat-link-borders-light is-cat-link-rounded"],"yoast_head":"<!-- This site is optimized with the Yoast SEO plugin v24.2 - https:\/\/yoast.com\/wordpress\/plugins\/seo\/ -->\n<title>Demande de Devis - Peinture D\u00e9cors Gaspar<\/title>\n<meta name=\"robots\" content=\"index, follow, max-snippet:-1, max-image-preview:large, max-video-preview:-1\" \/>\n<link rel=\"canonical\" href=\"https:\/\/peinturegaspar.lu\/fr\/demande-devis\/\" \/>\n<meta property=\"og:locale\" content=\"fr_FR\" \/>\n<meta property=\"og:type\" content=\"article\" \/>\n<meta property=\"og:title\" content=\"Demande de Devis - Peinture D\u00e9cors Gaspar\" \/>\n<meta property=\"og:description\" content=\"Peinture D\u00e9cors Gaspar S.A.R.L Demande Devis Explore Services Nous nous r\u00e9jouissons de travailler avec vous ! Pour vous servir au-del\u00e0 de vos attentes.\" \/>\n<meta property=\"og:url\" content=\"https:\/\/peinturegaspar.lu\/fr\/demande-devis\/\" \/>\n<meta property=\"og:site_name\" content=\"Peinture D\u00e9cors Gaspar\" \/>\n<meta property=\"article:publisher\" content=\"https:\/\/www.facebook.com\/PeintureDecorsGaspar\" \/>\n<meta property=\"article:modified_time\" content=\"2025-07-29T08:36:36+00:00\" \/>\n<meta name=\"twitter:card\" content=\"summary_large_image\" \/>\n<meta name=\"twitter:label1\" content=\"Dur\u00e9e de lecture estim\u00e9e\" \/>\n\t<meta name=\"twitter:data1\" content=\"1 minute\" \/>\n<script type=\"application\/ld+json\" class=\"yoast-schema-graph\">{\"@context\":\"https:\/\/schema.org\",\"@graph\":[{\"@type\":\"WebPage\",\"@id\":\"https:\/\/peinturegaspar.lu\/fr\/demande-devis\/\",\"url\":\"https:\/\/peinturegaspar.lu\/fr\/demande-devis\/\",\"name\":\"Demande de Devis - Peinture D\u00e9cors Gaspar\",\"isPartOf\":{\"@id\":\"https:\/\/peinturegaspar.lu\/#website\"},\"datePublished\":\"2024-12-06T09:32:45+00:00\",\"dateModified\":\"2025-07-29T08:36:36+00:00\",\"breadcrumb\":{\"@id\":\"https:\/\/peinturegaspar.lu\/fr\/demande-devis\/#breadcrumb\"},\"inLanguage\":\"fr-FR\",\"potentialAction\":[{\"@type\":\"ReadAction\",\"target\":[\"https:\/\/peinturegaspar.lu\/fr\/demande-devis\/\"]}]},{\"@type\":\"BreadcrumbList\",\"@id\":\"https:\/\/peinturegaspar.lu\/fr\/demande-devis\/#breadcrumb\",\"itemListElement\":[{\"@type\":\"ListItem\",\"position\":1,\"name\":\"Home\",\"item\":\"https:\/\/peinturegaspar.lu\/\"},{\"@type\":\"ListItem\",\"position\":2,\"name\":\"Demande de Devis\"}]},{\"@type\":\"WebSite\",\"@id\":\"https:\/\/peinturegaspar.lu\/#website\",\"url\":\"https:\/\/peinturegaspar.lu\/\",\"name\":\"Peinture D\u00e9cors Gaspar\",\"description\":\"Votre Vision, Notre Mission\",\"publisher\":{\"@id\":\"https:\/\/peinturegaspar.lu\/#organization\"},\"potentialAction\":[{\"@type\":\"SearchAction\",\"target\":{\"@type\":\"EntryPoint\",\"urlTemplate\":\"https:\/\/peinturegaspar.lu\/?s={search_term_string}\"},\"query-input\":{\"@type\":\"PropertyValueSpecification\",\"valueRequired\":true,\"valueName\":\"search_term_string\"}}],\"inLanguage\":\"fr-FR\"},{\"@type\":\"Organization\",\"@id\":\"https:\/\/peinturegaspar.lu\/#organization\",\"name\":\"Peinture D\u00e9cors Gaspar\",\"url\":\"https:\/\/peinturegaspar.lu\/\",\"logo\":{\"@type\":\"ImageObject\",\"inLanguage\":\"fr-FR\",\"@id\":\"https:\/\/peinturegaspar.lu\/#\/schema\/logo\/image\/\",\"url\":\"https:\/\/i0.wp.com\/peinturegaspar.lu\/wp-content\/uploads\/2024\/10\/Peinture-Gaspar-Logo.png?fit=1500%2C1500&ssl=1\",\"contentUrl\":\"https:\/\/i0.wp.com\/peinturegaspar.lu\/wp-content\/uploads\/2024\/10\/Peinture-Gaspar-Logo.png?fit=1500%2C1500&ssl=1\",\"width\":1500,\"height\":1500,\"caption\":\"Peinture D\u00e9cors Gaspar\"},\"image\":{\"@id\":\"https:\/\/peinturegaspar.lu\/#\/schema\/logo\/image\/\"},\"sameAs\":[\"https:\/\/www.facebook.com\/PeintureDecorsGaspar\",\"https:\/\/www.instagram.com\/peinturegaspar\"]}]}<\/script>\n<!-- \/ Yoast SEO plugin. -->","yoast_head_json":{"title":"Demande de Devis - Peinture D\u00e9cors Gaspar","robots":{"index":"index","follow":"follow","max-snippet":"max-snippet:-1","max-image-preview":"max-image-preview:large","max-video-preview":"max-video-preview:-1"},"canonical":"https:\/\/peinturegaspar.lu\/fr\/demande-devis\/","og_locale":"fr_FR","og_type":"article","og_title":"Demande de Devis - Peinture D\u00e9cors Gaspar","og_description":"Peinture D\u00e9cors Gaspar S.A.R.L Demande Devis Explore Services Nous nous r\u00e9jouissons de travailler avec vous ! Pour vous servir au-del\u00e0 de vos attentes.","og_url":"https:\/\/peinturegaspar.lu\/fr\/demande-devis\/","og_site_name":"Peinture D\u00e9cors Gaspar","article_publisher":"https:\/\/www.facebook.com\/PeintureDecorsGaspar","article_modified_time":"2025-07-29T08:36:36+00:00","twitter_card":"summary_large_image","twitter_misc":{"Dur\u00e9e de lecture estim\u00e9e":"1 minute"},"schema":{"@context":"https:\/\/schema.org","@graph":[{"@type":"WebPage","@id":"https:\/\/peinturegaspar.lu\/fr\/demande-devis\/","url":"https:\/\/peinturegaspar.lu\/fr\/demande-devis\/","name":"Demande de Devis - Peinture D\u00e9cors Gaspar","isPartOf":{"@id":"https:\/\/peinturegaspar.lu\/#website"},"datePublished":"2024-12-06T09:32:45+00:00","dateModified":"2025-07-29T08:36:36+00:00","breadcrumb":{"@id":"https:\/\/peinturegaspar.lu\/fr\/demande-devis\/#breadcrumb"},"inLanguage":"fr-FR","potentialAction":[{"@type":"ReadAction","target":["https:\/\/peinturegaspar.lu\/fr\/demande-devis\/"]}]},{"@type":"BreadcrumbList","@id":"https:\/\/peinturegaspar.lu\/fr\/demande-devis\/#breadcrumb","itemListElement":[{"@type":"ListItem","position":1,"name":"Home","item":"https:\/\/peinturegaspar.lu\/"},{"@type":"ListItem","position":2,"name":"Demande de Devis"}]},{"@type":"WebSite","@id":"https:\/\/peinturegaspar.lu\/#website","url":"https:\/\/peinturegaspar.lu\/","name":"Peinture D\u00e9cors Gaspar","description":"Votre Vision, Notre Mission","publisher":{"@id":"https:\/\/peinturegaspar.lu\/#organization"},"potentialAction":[{"@type":"SearchAction","target":{"@type":"EntryPoint","urlTemplate":"https:\/\/peinturegaspar.lu\/?s={search_term_string}"},"query-input":{"@type":"PropertyValueSpecification","valueRequired":true,"valueName":"search_term_string"}}],"inLanguage":"fr-FR"},{"@type":"Organization","@id":"https:\/\/peinturegaspar.lu\/#organization","name":"Peinture D\u00e9cors Gaspar","url":"https:\/\/peinturegaspar.lu\/","logo":{"@type":"ImageObject","inLanguage":"fr-FR","@id":"https:\/\/peinturegaspar.lu\/#\/schema\/logo\/image\/","url":"https:\/\/i0.wp.com\/peinturegaspar.lu\/wp-content\/uploads\/2024\/10\/Peinture-Gaspar-Logo.png?fit=1500%2C1500&ssl=1","contentUrl":"https:\/\/i0.wp.com\/peinturegaspar.lu\/wp-content\/uploads\/2024\/10\/Peinture-Gaspar-Logo.png?fit=1500%2C1500&ssl=1","width":1500,"height":1500,"caption":"Peinture D\u00e9cors Gaspar"},"image":{"@id":"https:\/\/peinturegaspar.lu\/#\/schema\/logo\/image\/"},"sameAs":["https:\/\/www.facebook.com\/PeintureDecorsGaspar","https:\/\/www.instagram.com\/peinturegaspar"]}]}},"jetpack_sharing_enabled":true,"jetpack_shortlink":"https:\/\/wp.me\/PgeZBr-4BP","_links":{"self":[{"href":"https:\/\/peinturegaspar.lu\/fr\/wp-json\/wp\/v2\/pages\/17721","targetHints":{"allow":["GET"]}}],"collection":[{"href":"https:\/\/peinturegaspar.lu\/fr\/wp-json\/wp\/v2\/pages"}],"about":[{"href":"https:\/\/peinturegaspar.lu\/fr\/wp-json\/wp\/v2\/types\/page"}],"author":[{"embeddable":true,"href":"https:\/\/peinturegaspar.lu\/fr\/wp-json\/wp\/v2\/users\/7"}],"replies":[{"embeddable":true,"href":"https:\/\/peinturegaspar.lu\/fr\/wp-json\/wp\/v2\/comments?post=17721"}],"version-history":[{"count":3,"href":"https:\/\/peinturegaspar.lu\/fr\/wp-json\/wp\/v2\/pages\/17721\/revisions"}],"predecessor-version":[{"id":19135,"href":"https:\/\/peinturegaspar.lu\/fr\/wp-json\/wp\/v2\/pages\/17721\/revisions\/19135"}],"wp:attachment":[{"href":"https:\/\/peinturegaspar.lu\/fr\/wp-json\/wp\/v2\/media?parent=17721"}],"curies":[{"name":"wp","href":"https:\/\/api.w.org\/{rel}","templated":true}]}}