{"id":18152,"date":"2024-12-12T13:28:16","date_gmt":"2024-12-12T12:28:16","guid":{"rendered":"https:\/\/luxedesign.debouana.lu\/?page_id=18152"},"modified":"2024-12-28T01:08:12","modified_gmt":"2024-12-28T00:08:12","slug":"politique-confidentialite","status":"publish","type":"page","link":"https:\/\/peinturegaspar.lu\/fr\/politique-confidentialite\/","title":{"rendered":"Politique de Confidentialit\u00e9"},"content":{"rendered":"\t\t<div data-elementor-type=\"wp-page\" data-elementor-id=\"18152\" class=\"elementor elementor-18152\" data-elementor-post-type=\"page\">\n\t\t\t\t<div class=\"elementor-element elementor-element-26be707 e-flex e-con-boxed elementor-invisible e-con e-parent\" data-id=\"26be707\" data-element_type=\"container\" data-settings=\"{&quot;background_background&quot;:&quot;classic&quot;,&quot;animation&quot;:&quot;fadeIn&quot;}\">\n\t\t\t\t\t<div class=\"e-con-inner\">\n\t\t<div class=\"elementor-element elementor-element-8295020 e-flex e-con-boxed e-con e-child\" data-id=\"8295020\" data-element_type=\"container\">\n\t\t\t\t\t<div class=\"e-con-inner\">\n\t\t\t\t<div class=\"elementor-element elementor-element-adcae21 elementor-widget elementor-widget-heading\" data-id=\"adcae21\" data-element_type=\"widget\" data-widget_type=\"heading.default\">\n\t\t\t\t<div class=\"elementor-widget-container\">\n\t\t\t\t\t<h4 class=\"elementor-heading-title elementor-size-default\">Peinture D\u00e9cors Gaspar S.A.R.L<\/h4>\t\t\t\t<\/div>\n\t\t\t\t<\/div>\n\t\t\t\t<div class=\"elementor-element elementor-element-dd1411e elementor-widget elementor-widget-qi_addons_for_elementor_animated_text\" data-id=\"dd1411e\" data-element_type=\"widget\" data-widget_type=\"qi_addons_for_elementor_animated_text.default\">\n\t\t\t\t<div class=\"elementor-widget-container\">\n\t\t\t\t\t<div class=\"qodef-shortcode qodef-m  qodef-qi-animated-text qodef--animated-by-word qodef--alignment-center qodef-qi--has-appear qodef--appear-from-right\" >\n\t\t<h1 class=\"qodef-m-title\">\n\t\t<span class=\"qodef-e-word\">Politique<\/span> <span class=\"qodef-e-word\">De<\/span> <span class=\"qodef-e-word\">Confidentialit\u00e9<\/span>\t<\/h1>\n<\/div>\n\t\t\t\t<\/div>\n\t\t\t\t<\/div>\n\t\t\t\t<div class=\"elementor-element elementor-element-444a066 elementor-hidden-desktop elementor-hidden-tablet elementor-hidden-mobile elementor-widget elementor-widget-qi_addons_for_elementor_button\" data-id=\"444a066\" data-element_type=\"widget\" data-widget_type=\"qi_addons_for_elementor_button.default\">\n\t\t\t\t<div class=\"elementor-widget-container\">\n\t\t\t\t\t<a class=\"qodef-shortcode qodef-m  qodef-qi-button qodef-html--link qodef-layout--outlined qodef-type--standard  qodef-hover--reveal qodef--reveal-vertical qodef-icon--right qodef-hover--icon-move-horizontal-short     \" href=\"#\" target=\"_self\">\n\t<span class=\"qodef-m-text\">Explore Services<\/span>\n\t<\/a>\n\t\t\t\t<\/div>\n\t\t\t\t<\/div>\n\t\t\t\t\t<\/div>\n\t\t\t\t<\/div>\n\t\t<div class=\"elementor-element elementor-element-c950fca e-flex e-con-boxed e-con e-child\" data-id=\"c950fca\" data-element_type=\"container\">\n\t\t\t\t\t<div class=\"e-con-inner\">\n\t\t\t\t\t<\/div>\n\t\t\t\t<\/div>\n\t\t\t\t\t<\/div>\n\t\t\t\t<\/div>\n\t\t<div class=\"elementor-element elementor-element-1280ac2 e-flex e-con-boxed e-con e-parent\" data-id=\"1280ac2\" data-element_type=\"container\">\n\t\t\t\t\t<div class=\"e-con-inner\">\n\t\t\t\t<div class=\"elementor-element elementor-element-7022b73 elementor-widget elementor-widget-heading\" data-id=\"7022b73\" data-element_type=\"widget\" data-widget_type=\"heading.default\">\n\t\t\t\t<div class=\"elementor-widget-container\">\n\t\t\t\t\t<h2 class=\"elementor-heading-title elementor-size-default\">Politique de Confidentialit\u00e9 Conform\u00e9ment RGPD.<\/h2>\t\t\t\t<\/div>\n\t\t\t\t<\/div>\n\t\t\t\t\t<\/div>\n\t\t\t\t<\/div>\n\t\t<div class=\"elementor-element elementor-element-b7e74c2 e-flex e-con-boxed e-con e-parent\" data-id=\"b7e74c2\" data-element_type=\"container\">\n\t\t\t\t\t<div class=\"e-con-inner\">\n\t\t\t\t<div class=\"elementor-element elementor-element-9a39d86 elementor-widget elementor-widget-text-editor\" data-id=\"9a39d86\" data-element_type=\"widget\" data-widget_type=\"text-editor.default\">\n\t\t\t\t<div class=\"elementor-widget-container\">\n\t\t\t\t\t\t\t\t\t<ul><li><p>\u00a0<strong>Param\u00e8tres de confidentialit\u00e9 utilisateur<\/strong><\/p><\/li><\/ul><p>Notre site utilise des cookies qui nous aident \u00e0 am\u00e9liorer notre site web, \u00e0 fournir le meilleur service possible et \u00e0 offrir exp\u00e9rience client optimale. Ici vous pouvez g\u00e9rer vos param\u00e8tres. En s\u00e9lectionnant \u201cAccepter\u201d, vous acceptez que des cookies soient utilis\u00e9s \u00e0 cette fin.\u00a0Puisque vous n\u2019\u00eates pas connect\u00e9, nous enregistrons ces param\u00e8tres dans un cookie. Ces param\u00e8tres sont donc uniquement actifs sur ce PC.<\/p><p>Si vous souhaitez modifier vos param\u00e8tres de confidentialit\u00e9 (accorder votre consentement ou le r\u00e9voquer),\u00a0<a class=\"gdpr-settings-link\" href=\"\/#gdpr_cookie_modal\" target=\"_blank\" rel=\"noopener\">cliquez ici<\/a>.<\/p><ul><li><strong>Informations g\u00e9n\u00e9rales sur le traitement des donn\u00e9es<\/strong><\/li><\/ul><p>Nous traitons uniquement les donn\u00e9es personnelles des utilisateurs conform\u00e9ment aux r\u00e9glementations pertinentes de la protection des donn\u00e9es, conform\u00e9ment aux exigences de minimisation des donn\u00e9es et de la pr\u00e9vention des donn\u00e9es. Cela signifie que les donn\u00e9es des utilisateurs ne sont trait\u00e9es que si une autorisation l\u00e9gale existe, en particulier si les donn\u00e9es pour l\u2019ex\u00e9cution de nos r\u00e9alisations contractuelles ainsi que des services en ligne sont requises, ou prescrites par la loi ou en pr\u00e9sence d\u2019un consentement. Nous prenons des mesures de s\u00e9curit\u00e9 organisationnelles, contractuelles et techniques conformes \u00e0 l\u2019\u00e9tat de la technique pour assurer le respect des dispositions des lois sur la protection des donn\u00e9es et pour prot\u00e9ger les donn\u00e9es trait\u00e9es contre toute manipulation accidentelle ou intentionnelle, perte, destruction ou contre l\u2019acc\u00e8s par des personnes non autoris\u00e9es. Si, dans le cadre de cette politique de confidentialit\u00e9, du contenu, des outils ou d\u2019autres moyens sont utilis\u00e9s par d\u2019autres fournisseurs (collectivement appel\u00e9s \u00abtiers fournisseurs\u00bb) et si leur si\u00e8ge est \u00e0 l\u2019\u00e9tranger, on peut supposer que les donn\u00e9es seront transf\u00e9r\u00e9es au si\u00e8ge des \u00e9tats de ces tiers-fournisseurs. Le transfert de donn\u00e9es vers des pays tiers a lieu soit sur la base d\u2019une autorisation l\u00e9gale, le consentement des utilisateurs ou des clauses contractuelles sp\u00e9ciales, qui garantissent une s\u00e9curit\u00e9 juridique des donn\u00e9es.<\/p><ul><li><strong>But et organisme responsable<\/strong><\/li><\/ul><p>Cette politique de confidentialit\u00e9 clarifie la nature, la port\u00e9e et le but du traitement (entre autre la collecte, le traitement, l\u2019utilisation et le consentement) des informations personnelles contenues dans notre offre en ligne et des sites Web reli\u00e9s, fonctionnalit\u00e9s et contenus (collectivement appel\u00e9es \u00abOffre en ligne\u00bb ou \u00abSite Web\u00bb). La politique de confidentialit\u00e9 s\u2019applique quels que soient les domaines, les syst\u00e8mes, les plates-formes et les p\u00e9riph\u00e9riques (tels que les ordinateurs de bureau ou mobiles) sur lesquels l\u2019offre en ligne est ex\u00e9cut\u00e9e. Le fournisseur de l\u2019offre en ligne et du responsable de la protection des donn\u00e9es est Peinture D\u00e9cors Gaspar S.\u00e0r.l., propri\u00e9taire: Jos\u00e9 Gaspar, 55a Avenue Charlotte,\u00a0L-4530\u00a0Differdange (ci-apr\u00e8s d\u00e9nomm\u00e9 le \u00abFournisseur\u00bb ou \u00abnous\u00bb).\u00a0Le terme \u201cutilisateur\u201d inclut tous les clients et visiteurs de notre offre en ligne. Les termes utilis\u00e9s, tels que les \u201cutilisateurs\u201d doivent \u00eatre compris neutres au regard des sexes.<\/p><p>Possibilit\u00e9s de contact:<br \/>T\u00e9l ( +352 ) 26 65 46 82 \/ Fax ( +352 ) 24 55 82 29 \/\u00a0<a class=\"legal-hover\" href=\"mailto:peinturegaspar@gmail.com\">peinturegaspar@gmail.com<\/a>\u00a0ou par formulaire dans notre section contact.<\/p><ul><li><strong>Traitement des donn\u00e9es personnelles<\/strong><\/li><\/ul><p>En plus de l\u2019utilisation express\u00e9ment indiqu\u00e9e dans cette politique de confidentialit\u00e9, les donn\u00e9es personnelles sont trait\u00e9es aux fins suivantes sur la base des autorisations l\u00e9gales ou du consentement de l\u2019utilisateur: \u2013 La disposition, l\u2019ex\u00e9cution, la maintenance, l\u2019optimisation et la s\u00e9curisation de nos services; \u2013 Assurer un service client et support technique efficace. Nous ne transf\u00e9rons les donn\u00e9es des utilisateurs \u00e0 des tiers que lorsque cela est n\u00e9cessaire \u00e0 des fins de facturation (par exemple, \u00e0 un prestataire de services de paiement) ou \u00e0 d\u2019autres fins pour remplir nos obligations contractuelles vis-\u00e0-vis des utilisateurs. Lorsque vous nous contactez (via le formulaire de contact ou par e-mail), les coordonn\u00e9es de l\u2019utilisateur sont stock\u00e9es dans le but de traiter la demande ainsi que dans le cas o\u00f9 des questions de suivi se posent. Les donn\u00e9es personnelles seront supprim\u00e9es quand elles ont rempli leur objectif et apr\u00e8s le p\u00e9riode de conservation obligatoire requis par la loi.<\/p><ul><li><strong>Google Analytics<\/strong><\/li><\/ul><div class=\"modal-wrapper privacy-statement-container\" data-ix=\"modal-interacion\"><div class=\"section-legal-mention\"><p>Nous utilisons Google Analytics, un service d\u2019analyse de site internet fourni par Google Inc. (\u201cGoogle\u201d). Google utilise des cookies. Les informations g\u00e9n\u00e9r\u00e9es par les cookies concernant l\u2019utilisation de l\u2019offre en ligne par les utilisateurs sont g\u00e9n\u00e9ralement transmises et stock\u00e9s sur un serveur de Google aux Etats-Unis. Google utilisera cette information en notre nom pour \u00e9valuer l\u2019utilisation de notre offre en ligne par les utilisateurs, compiler des rapports sur les activit\u00e9s de cette offre en ligne et nous fournir d\u2019autres services li\u00e9s \u00e0 l\u2019utilisation de cette offre en ligne et \u00e0 l\u2019utilisation d\u2019Internet. Dans ce cas, des profils d\u2019utilisation pseudonymes des utilisateurs peuvent \u00eatre cr\u00e9\u00e9s \u00e0 partir des donn\u00e9es trait\u00e9es. Nous utilisons uniquement Google Analytics avec l\u2019anonymat IP activ\u00e9e. Cela signifie que l\u2019adresse IP des utilisateurs sera raccourcie par Google dans les \u00c9tats membres de l\u2019Union europ\u00e9enne ou dans d\u2019autres \u00c9tats contractants de l\u2019accord sur l\u2019Espace \u00e9conomique europ\u00e9en. Ce n\u2019est que dans des cas exceptionnels que l\u2019adresse IP compl\u00e8te sera envoy\u00e9e \u00e0 un serveur de Google aux \u00c9tats-Unis et raccourcie \u00e0 cet endroit. L\u2019adresse IP fournie par le navigateur de l\u2019utilisateur ne sera pas fusionn\u00e9e avec d\u2019autres donn\u00e9es fournies par Google. Les utilisateurs peuvent emp\u00eacher le stockage de cookies en configurant leur logiciel de navigation. Les utilisateurs peuvent \u00e9galement emp\u00eacher la collecte des donn\u00e9es g\u00e9n\u00e9r\u00e9es par le cookie et li\u00e9es \u00e0 leur utilisation de l\u2019offre en ligne par Google ainsi que le traitement de ces donn\u00e9es par Google, en t\u00e9l\u00e9chargeant et installant le plug-in du navigateur disponible sous le lien suivant:\u00a0<a href=\"http:\/\/tools.google.com\/dlpage\/gaoptout?hl=fr\" target=\"_blank\" rel=\"noopener\">Plug-in<\/a>. Pour plus d\u2019informations sur l\u2019utilisation des donn\u00e9es par Google \u00e0 des fins publicitaires, sur les options de configuration et de d\u00e9sinscription, consultez les sites Web de Google:\u00a0<a href=\"https:\/\/policies.google.com\/technologies\/partner-sites?hl=fr\" target=\"_blank\" rel=\"noopener\">Utilisation<\/a>\u00a0(\u201cUtilisation des donn\u00e9es de Google dans votre utilisation des sites Web ou les applications de nos partenaires\u201d);\u00a0<a href=\"https:\/\/policies.google.com\/technologies\/ads?hl=fr\" target=\"_blank\" rel=\"noopener\">Protection<\/a>\u00a0(\u201cProtection des donn\u00e9es pour publicit\u00e9s\u201d);\u00a0\u00a0<a href=\"http:\/\/www.google.com\/ads\/preferences\" target=\"_blank\" rel=\"noopener\">Annonces<\/a>\u00a0(\u201cD\u00e9terminer quelles annonces Google peut vous montrer\u201d).<\/p><ul><li>\u00a0<strong>Int\u00e9gration de services et contenu de tiers<\/strong><\/li><\/ul><p>Il se peut que des contenus ou des services de fournisseurs tiers, tels que des cartes ou des polices provenant d\u2019autres sites Web, soient inclus dans notre offre en ligne. L\u2019inclusion de contenu provenant de fournisseurs tiers exige toujours que les fournisseurs tiers per\u00e7oivent l\u2019adresse IP des utilisateurs, car ils ne peuvent pas envoyer le contenu au navigateur des utilisateurs sans l\u2019adresse IP. L\u2019adresse IP est donc requise pour la pr\u00e9sentation de ce contenu. En outre, les fournisseurs de contenu tiers peuvent d\u00e9finir leurs propres cookies et traiter les donn\u00e9es des utilisateurs \u00e0 leurs propres fins. Dans le processus, les profils d\u2019utilisateur peuvent \u00eatre cr\u00e9\u00e9s \u00e0 partir des donn\u00e9es trait\u00e9es. Nous utiliserons ce contenu en r\u00e9duisant les donn\u00e9es \u00e0 un minimum ou compl\u00e8tement si possible, et s\u00e9lectionnerons des fournisseurs tiers fiables en mati\u00e8re de s\u00e9curit\u00e9 des donn\u00e9es. La liste suivante donne un aper\u00e7u de fournisseurs tiers ainsi que leur contenu et des liens vers leurs d\u00e9clarations de confidentialit\u00e9 avec plus de d\u00e9tails sur leur traitement des donn\u00e9es et, comme partiellement d\u00e9j\u00e0 mentionn\u00e9 ici, sur les possibilit\u00e9s de renonciation (Opt-Out): \u2013 Polices externes de Google, Inc.:\u00a0<a href=\"http:\/\/www.google.com\/fonts\" target=\"_blank\" rel=\"noopener\">Google Fonts<\/a>. L\u2019int\u00e9gration des polices Google est effectu\u00e9e par un appel sur les serveurs de Google (g\u00e9n\u00e9ralement aux \u00c9tats-Unis).\u00a0<a href=\"http:\/\/www.google.com\/policies\/privacy\/\" target=\"_blank\" rel=\"noopener\">Politique de confidentialit\u00e9<\/a>,\u00a0<a href=\"http:\/\/www.google.com\/settings\/ads\/\" target=\"_blank\" rel=\"noopener\">Opt-Out<\/a>.\u00a0\u2013 Cartes du service \u201cGoogle Maps\u201d fournies par le fournisseur tiers Google Inc., 1600 Amphitheatre Parkway, Mountain View, CA 94043, \u00c9tats-Unis.\u00a0<a href=\"http:\/\/www.google.com\/policies\/privacy\/\" target=\"_blank\" rel=\"noopener\">Politique de confidentialit\u00e9<\/a>,\u00a0<a href=\"http:\/\/www.google.com\/settings\/ads\/\" target=\"_blank\" rel=\"noopener\">Opt-Out<\/a>.<\/p><ul><li>\u00a0<strong>Droits des utilisateurs et suppression<\/strong><\/li><\/ul><p>Les utilisateurs ont le droit, sur demande, de recevoir gratuitement des informations sur les donn\u00e9es personnelles que nous avons stock\u00e9es \u00e0 leur sujet. En outre, les utilisateurs ont le droit de corriger des donn\u00e9es inexactes, de r\u00e9voquer leur consentement, de bloquer et de supprimer leurs informations personnelles et de d\u00e9poser une plainte aupr\u00e8s de l\u2019autorit\u00e9 de r\u00e9gulation comp\u00e9tente en cas de traitement ill\u00e9gal. Les donn\u00e9es stock\u00e9es chez nous sont supprim\u00e9es d\u00e8s qu\u2019elles ne sont plus n\u00e9cessaires pour leur usage pr\u00e9vu et la suppression n\u2019entre pas en conflit avec les exigences de stockages l\u00e9gales.<\/p><ul><li>\u00a0<strong>Modifications de la politique de confidentialit\u00e9<\/strong><\/li><\/ul><p>Nous nous r\u00e9servons le droit de modifier la politique de confidentialit\u00e9 afin de l\u2019adapter \u00e0 des situations juridiques modifi\u00e9es, ou \u00e0 des changements dans le service et le traitement des donn\u00e9es. Cependant, cela ne s\u2019applique qu\u2019aux d\u00e9clarations de traitement de donn\u00e9es. Si le consentement de l\u2019utilisateur est requis ou si des \u00e9l\u00e9ments de la politique de confidentialit\u00e9 contiennent des dispositions de la relation contractuelle avec les utilisateurs, les changements ne seront effectu\u00e9s qu\u2019avec le consentement des utilisateurs. Les utilisateurs sont pri\u00e9s de s\u2019informer r\u00e9guli\u00e8rement du contenu de la politique de confidentialit\u00e9.<\/p><p>Date: 24.05.2018<\/p><\/div><\/div>\t\t\t\t\t\t\t\t<\/div>\n\t\t\t\t<\/div>\n\t\t\t\t\t<\/div>\n\t\t\t\t<\/div>\n\t\t\t\t<\/div>\n\t\t","protected":false},"excerpt":{"rendered":"<p>Peinture D\u00e9cors Gaspar S.A.R.L Politique De Confidentialit\u00e9 Explore Services Politique de Confidentialit\u00e9 Conform\u00e9ment RGPD. \u00a0Param\u00e8tres de confidentialit\u00e9 utilisateur Notre site utilise des cookies qui nous aident \u00e0 am\u00e9liorer notre site web, \u00e0 fournir le meilleur service possible et \u00e0 offrir exp\u00e9rience client optimale. Ici vous pouvez g\u00e9rer vos param\u00e8tres. En s\u00e9lectionnant \u201cAccepter\u201d, vous acceptez que des cookies soient utilis\u00e9s \u00e0 cette fin.\u00a0Puisque vous n\u2019\u00eates pas&#8230; <\/p>\n<p class=\"more\"><a class=\"more-link\" href=\"https:\/\/peinturegaspar.lu\/fr\/politique-confidentialite\/\">Read More<\/a><\/p>\n","protected":false},"author":7,"featured_media":0,"parent":0,"menu_order":0,"comment_status":"closed","ping_status":"closed","template":"elementor_header_footer","meta":{"inline_featured_image":false,"footnotes":""},"class_list":["post-18152","page","type-page","status-publish","hentry","is-cat-link-borders-light is-cat-link-rounded"],"yoast_head":"<!-- This site is optimized with the Yoast SEO plugin v24.2 - https:\/\/yoast.com\/wordpress\/plugins\/seo\/ -->\n<title>Politique de Confidentialit\u00e9 - Peinture D\u00e9cors Gaspar<\/title>\n<meta name=\"robots\" content=\"index, follow, max-snippet:-1, max-image-preview:large, max-video-preview:-1\" \/>\n<link rel=\"canonical\" href=\"https:\/\/peinturegaspar.lu\/fr\/politique-confidentialite\/\" \/>\n<meta property=\"og:locale\" content=\"fr_FR\" \/>\n<meta property=\"og:type\" content=\"article\" \/>\n<meta property=\"og:title\" content=\"Politique de Confidentialit\u00e9 - Peinture D\u00e9cors Gaspar\" \/>\n<meta property=\"og:description\" content=\"Peinture D\u00e9cors Gaspar S.A.R.L Politique De Confidentialit\u00e9 Explore Services Politique de Confidentialit\u00e9 Conform\u00e9ment RGPD. \u00a0Param\u00e8tres de confidentialit\u00e9 utilisateur Notre site utilise des cookies qui nous aident \u00e0 am\u00e9liorer notre site web, \u00e0 fournir le meilleur service possible et \u00e0 offrir exp\u00e9rience client optimale. Ici vous pouvez g\u00e9rer vos param\u00e8tres. En s\u00e9lectionnant \u201cAccepter\u201d, vous acceptez que des cookies soient utilis\u00e9s \u00e0 cette fin.\u00a0Puisque vous n\u2019\u00eates pas... Read More\" \/>\n<meta property=\"og:url\" content=\"https:\/\/peinturegaspar.lu\/fr\/politique-confidentialite\/\" \/>\n<meta property=\"og:site_name\" content=\"Peinture D\u00e9cors Gaspar\" \/>\n<meta property=\"article:publisher\" content=\"https:\/\/www.facebook.com\/PeintureDecorsGaspar\" \/>\n<meta property=\"article:modified_time\" content=\"2024-12-28T00:08:12+00:00\" \/>\n<meta name=\"twitter:card\" content=\"summary_large_image\" \/>\n<meta name=\"twitter:label1\" content=\"Dur\u00e9e de lecture estim\u00e9e\" \/>\n\t<meta name=\"twitter:data1\" content=\"8 minutes\" \/>\n<script type=\"application\/ld+json\" class=\"yoast-schema-graph\">{\"@context\":\"https:\/\/schema.org\",\"@graph\":[{\"@type\":\"WebPage\",\"@id\":\"https:\/\/peinturegaspar.lu\/politique-confidentialite\/\",\"url\":\"https:\/\/peinturegaspar.lu\/politique-confidentialite\/\",\"name\":\"Politique de Confidentialit\u00e9 - Peinture D\u00e9cors Gaspar\",\"isPartOf\":{\"@id\":\"https:\/\/peinturegaspar.lu\/#website\"},\"datePublished\":\"2024-12-12T12:28:16+00:00\",\"dateModified\":\"2024-12-28T00:08:12+00:00\",\"breadcrumb\":{\"@id\":\"https:\/\/peinturegaspar.lu\/politique-confidentialite\/#breadcrumb\"},\"inLanguage\":\"fr-FR\",\"potentialAction\":[{\"@type\":\"ReadAction\",\"target\":[\"https:\/\/peinturegaspar.lu\/politique-confidentialite\/\"]}]},{\"@type\":\"BreadcrumbList\",\"@id\":\"https:\/\/peinturegaspar.lu\/politique-confidentialite\/#breadcrumb\",\"itemListElement\":[{\"@type\":\"ListItem\",\"position\":1,\"name\":\"Home\",\"item\":\"https:\/\/peinturegaspar.lu\/\"},{\"@type\":\"ListItem\",\"position\":2,\"name\":\"Politique de Confidentialit\u00e9\"}]},{\"@type\":\"WebSite\",\"@id\":\"https:\/\/peinturegaspar.lu\/#website\",\"url\":\"https:\/\/peinturegaspar.lu\/\",\"name\":\"Peinture D\u00e9cors Gaspar\",\"description\":\"Votre Vision, Notre Mission\",\"publisher\":{\"@id\":\"https:\/\/peinturegaspar.lu\/#organization\"},\"potentialAction\":[{\"@type\":\"SearchAction\",\"target\":{\"@type\":\"EntryPoint\",\"urlTemplate\":\"https:\/\/peinturegaspar.lu\/?s={search_term_string}\"},\"query-input\":{\"@type\":\"PropertyValueSpecification\",\"valueRequired\":true,\"valueName\":\"search_term_string\"}}],\"inLanguage\":\"fr-FR\"},{\"@type\":\"Organization\",\"@id\":\"https:\/\/peinturegaspar.lu\/#organization\",\"name\":\"Peinture D\u00e9cors Gaspar\",\"url\":\"https:\/\/peinturegaspar.lu\/\",\"logo\":{\"@type\":\"ImageObject\",\"inLanguage\":\"fr-FR\",\"@id\":\"https:\/\/peinturegaspar.lu\/#\/schema\/logo\/image\/\",\"url\":\"https:\/\/i0.wp.com\/peinturegaspar.lu\/wp-content\/uploads\/2024\/10\/Peinture-Gaspar-Logo.png?fit=1500%2C1500&ssl=1\",\"contentUrl\":\"https:\/\/i0.wp.com\/peinturegaspar.lu\/wp-content\/uploads\/2024\/10\/Peinture-Gaspar-Logo.png?fit=1500%2C1500&ssl=1\",\"width\":1500,\"height\":1500,\"caption\":\"Peinture D\u00e9cors Gaspar\"},\"image\":{\"@id\":\"https:\/\/peinturegaspar.lu\/#\/schema\/logo\/image\/\"},\"sameAs\":[\"https:\/\/www.facebook.com\/PeintureDecorsGaspar\",\"https:\/\/www.instagram.com\/peinturegaspar\"]}]}<\/script>\n<!-- \/ Yoast SEO plugin. -->","yoast_head_json":{"title":"Politique de Confidentialit\u00e9 - Peinture D\u00e9cors Gaspar","robots":{"index":"index","follow":"follow","max-snippet":"max-snippet:-1","max-image-preview":"max-image-preview:large","max-video-preview":"max-video-preview:-1"},"canonical":"https:\/\/peinturegaspar.lu\/fr\/politique-confidentialite\/","og_locale":"fr_FR","og_type":"article","og_title":"Politique de Confidentialit\u00e9 - Peinture D\u00e9cors Gaspar","og_description":"Peinture D\u00e9cors Gaspar S.A.R.L Politique De Confidentialit\u00e9 Explore Services Politique de Confidentialit\u00e9 Conform\u00e9ment RGPD. \u00a0Param\u00e8tres de confidentialit\u00e9 utilisateur Notre site utilise des cookies qui nous aident \u00e0 am\u00e9liorer notre site web, \u00e0 fournir le meilleur service possible et \u00e0 offrir exp\u00e9rience client optimale. Ici vous pouvez g\u00e9rer vos param\u00e8tres. En s\u00e9lectionnant \u201cAccepter\u201d, vous acceptez que des cookies soient utilis\u00e9s \u00e0 cette fin.\u00a0Puisque vous n\u2019\u00eates pas... Read More","og_url":"https:\/\/peinturegaspar.lu\/fr\/politique-confidentialite\/","og_site_name":"Peinture D\u00e9cors Gaspar","article_publisher":"https:\/\/www.facebook.com\/PeintureDecorsGaspar","article_modified_time":"2024-12-28T00:08:12+00:00","twitter_card":"summary_large_image","twitter_misc":{"Dur\u00e9e de lecture estim\u00e9e":"8 minutes"},"schema":{"@context":"https:\/\/schema.org","@graph":[{"@type":"WebPage","@id":"https:\/\/peinturegaspar.lu\/politique-confidentialite\/","url":"https:\/\/peinturegaspar.lu\/politique-confidentialite\/","name":"Politique de Confidentialit\u00e9 - Peinture D\u00e9cors Gaspar","isPartOf":{"@id":"https:\/\/peinturegaspar.lu\/#website"},"datePublished":"2024-12-12T12:28:16+00:00","dateModified":"2024-12-28T00:08:12+00:00","breadcrumb":{"@id":"https:\/\/peinturegaspar.lu\/politique-confidentialite\/#breadcrumb"},"inLanguage":"fr-FR","potentialAction":[{"@type":"ReadAction","target":["https:\/\/peinturegaspar.lu\/politique-confidentialite\/"]}]},{"@type":"BreadcrumbList","@id":"https:\/\/peinturegaspar.lu\/politique-confidentialite\/#breadcrumb","itemListElement":[{"@type":"ListItem","position":1,"name":"Home","item":"https:\/\/peinturegaspar.lu\/"},{"@type":"ListItem","position":2,"name":"Politique de Confidentialit\u00e9"}]},{"@type":"WebSite","@id":"https:\/\/peinturegaspar.lu\/#website","url":"https:\/\/peinturegaspar.lu\/","name":"Peinture D\u00e9cors Gaspar","description":"Votre Vision, Notre Mission","publisher":{"@id":"https:\/\/peinturegaspar.lu\/#organization"},"potentialAction":[{"@type":"SearchAction","target":{"@type":"EntryPoint","urlTemplate":"https:\/\/peinturegaspar.lu\/?s={search_term_string}"},"query-input":{"@type":"PropertyValueSpecification","valueRequired":true,"valueName":"search_term_string"}}],"inLanguage":"fr-FR"},{"@type":"Organization","@id":"https:\/\/peinturegaspar.lu\/#organization","name":"Peinture D\u00e9cors Gaspar","url":"https:\/\/peinturegaspar.lu\/","logo":{"@type":"ImageObject","inLanguage":"fr-FR","@id":"https:\/\/peinturegaspar.lu\/#\/schema\/logo\/image\/","url":"https:\/\/i0.wp.com\/peinturegaspar.lu\/wp-content\/uploads\/2024\/10\/Peinture-Gaspar-Logo.png?fit=1500%2C1500&ssl=1","contentUrl":"https:\/\/i0.wp.com\/peinturegaspar.lu\/wp-content\/uploads\/2024\/10\/Peinture-Gaspar-Logo.png?fit=1500%2C1500&ssl=1","width":1500,"height":1500,"caption":"Peinture D\u00e9cors Gaspar"},"image":{"@id":"https:\/\/peinturegaspar.lu\/#\/schema\/logo\/image\/"},"sameAs":["https:\/\/www.facebook.com\/PeintureDecorsGaspar","https:\/\/www.instagram.com\/peinturegaspar"]}]}},"jetpack_sharing_enabled":true,"jetpack_shortlink":"https:\/\/wp.me\/PgeZBr-4IM","_links":{"self":[{"href":"https:\/\/peinturegaspar.lu\/fr\/wp-json\/wp\/v2\/pages\/18152","targetHints":{"allow":["GET"]}}],"collection":[{"href":"https:\/\/peinturegaspar.lu\/fr\/wp-json\/wp\/v2\/pages"}],"about":[{"href":"https:\/\/peinturegaspar.lu\/fr\/wp-json\/wp\/v2\/types\/page"}],"author":[{"embeddable":true,"href":"https:\/\/peinturegaspar.lu\/fr\/wp-json\/wp\/v2\/users\/7"}],"replies":[{"embeddable":true,"href":"https:\/\/peinturegaspar.lu\/fr\/wp-json\/wp\/v2\/comments?post=18152"}],"version-history":[{"count":0,"href":"https:\/\/peinturegaspar.lu\/fr\/wp-json\/wp\/v2\/pages\/18152\/revisions"}],"wp:attachment":[{"href":"https:\/\/peinturegaspar.lu\/fr\/wp-json\/wp\/v2\/media?parent=18152"}],"curies":[{"name":"wp","href":"https:\/\/api.w.org\/{rel}","templated":true}]}}